{"id":347,"date":"2014-08-02T04:40:55","date_gmt":"2014-08-02T04:40:55","guid":{"rendered":"http:\/\/legendywarszawskie.pl\/?page_id=347"},"modified":"2015-02-21T13:07:18","modified_gmt":"2015-02-21T13:07:18","slug":"ochota","status":"publish","type":"page","link":"http:\/\/legendywarszawskie.pl\/?page_id=347","title":{"rendered":"Rozdzia\u0142 o&#8230; Ochocie"},"content":{"rendered":"<p><strong>Rozdzia\u0142 pi\u0105ty (fragmenty)<\/strong><\/p>\n<p><strong>Ochota, czyli&#8230; W jednym grobie<\/strong><\/p>\n<p><img loading=\"lazy\" decoding=\"async\" class=\"alignleft wp-image-257 size-medium\" src=\"http:\/\/legendywarszawskie.pl\/wp-content\/uploads\/2014\/07\/06092013710-300x225.jpg\" alt=\"06092013710\" width=\"300\" height=\"225\" srcset=\"http:\/\/legendywarszawskie.pl\/wp-content\/uploads\/2014\/07\/06092013710-300x225.jpg 300w, http:\/\/legendywarszawskie.pl\/wp-content\/uploads\/2014\/07\/06092013710-1024x768.jpg 1024w, http:\/\/legendywarszawskie.pl\/wp-content\/uploads\/2014\/07\/06092013710-800x600.jpg 800w\" sizes=\"auto, (max-width: 300px) 100vw, 300px\" \/>(&#8230;) Spojrzeli\u015bmy na siebie i wznie\u015bli\u015bmy oczy do nieba. Czuli\u015bmy, \u017ce zaraz nas chyba szlag trafi. Baba Kopyto zapewne si\u0119 zorientowa\u0142a, \u017ce odesz\u0142a od tematu, bo nagle wr\u00f3ci\u0142a do g\u0142\u00f3wnego w\u0105tku.<br \/>\n\u2013 No i my\u015bla\u0142am, \u017ce to Ruscy, bo tam przy tych budowach to cz\u0119sto tani\u0105 si\u0142\u0119 robocz\u0105 sobie najmuj\u0105. G\u0142\u00f3wnie z Ukrainy. P\u0142ac\u0105 wszy tym biednym ludziom za ci\u0119\u017ck\u0105 prac\u0119, a oni przewa\u017cnie nielegalnie tu s\u0105. Potem si\u0119 szwendaj\u0105 i \u017ceby mie\u0107 co \u017cre\u0107, to kradn\u0105! Na przyk\u0142ad mi z ogr\u00f3dka og\u00f3rki\u2026<br \/>\n\u2013 Ale okaza\u0142o si\u0119, \u017ce to nie najemni robotnicy \u2013 przerwali\u015bmy, boj\u0105c si\u0119 wyliczanki warzyw, kt\u00f3re mo\u017cna ukra\u015b\u0107 z ogr\u00f3dka Baby Kopyto.<br \/>\n\u2013 No nie. Dzielnicowy powiedzia\u0142 mi, \u017ce mam starcze omamy s\u0142uchowe! Moje w\u0142asne dzieci go popar\u0142y i z tym domem starc\u00f3w wyjecha\u0142y! Macie poj\u0119cie?<br \/>\nPrzytakn\u0119li\u015bmy. Zszokowani jednak nie zachowaniem dzielnicowego czy tych dzieci, ale faktem, \u017ce Baba Kopyto sama z siebie przerwa\u0142a monolog. Patrzy\u0142a na nas przez chwil\u0119 pytaj\u0105co, a potem wr\u00f3ci\u0142a do przerwanego w\u0105tku.<br \/>\n\u2013 No to posz\u0142am do lekarza. Najpierw do tego od uszu. To powiedzia\u0142, \u017ce mam taki s\u0142uch, \u017ce mog\u0142abym jeszcze jako szpieg pracowa\u0107! O, mog\u0142abym! Ja to s\u0142ysz\u0119 naprawd\u0119 dobrze! Przy mnie w og\u00f3le szepta\u0107 nie mo\u017cna. Jeszcze w czasie wojny\u2026<br \/>\n\u2013 Domy\u015blamy si\u0119. Co dalej?<br \/>\n\u2013 No to dzieci, \u017cebym si\u0119 na g\u0142ow\u0119 przebada\u0142a. \u017be niby nienormalna jestem. No to ja se pomy\u015bla\u0142am: dobra! Id\u0119 do psychiatry. A co? Ja tam si\u0119 nie boj\u0119! Jaka\u015b taka by\u0142a baba na Mokotowie\u2026<br \/>\n\u2013 Mi\u0105czy\u0144ska? \u2013 spytali\u015bmy, bo bali\u015bmy si\u0119, \u017ce teraz us\u0142yszymy streszczenie wszystkich wizyt w gabinecie psychiatry.<br \/>\n\u2013 O, jaka\u015b taka\u2026 \u2013 odpar\u0142a Baba Kopyto i doda\u0142a: \u2013 Ona mnie do was przys\u0142a\u0142a.<br \/>\nNo to ju\u017c wiedzieli\u015bmy, \u017ce sprawa powa\u017cna.<br \/>\n\u2013 Skupmy si\u0119 na g\u0142osach \u2013 powiedzieli\u015bmy. \u2013 Pani m\u00f3wi, \u017ce dwa i \u017ce m\u0119skie\u2026<br \/>\n\u2013 Tak! Stary i m\u0142ody!<br \/>\n\u2013 Co m\u00f3wi\u0105?<br \/>\n\u2013 A w dupie mam, co m\u00f3wi\u0105! \u2013 roze\u017ali\u0142a si\u0119 Baba Kopyto. \u2013 Ja chc\u0119, by przesta\u0142y gada\u0107! Ja si\u0119 skupi\u0107 nie mog\u0119. Ogl\u0105dam telewizj\u0119 \u2013 m\u00f3wi\u0105. S\u0142ucham radia i dziergam \u2013 m\u00f3wi\u0105.<br \/>\n\u2013 Gdzie pani mieszka na Ochocie. Ko\u0142o tego meczetu?<br \/>\n\u2013 A niech r\u0119ka boska broni! Do meczetu jeszcze kilkaset metr\u00f3w jest. Ale widz\u0119, jak toto powstaje, i tylko patrze\u0107, jak tu b\u0119d\u0105 \u0142azi\u0107 r\u00f3\u017cni\u2026<br \/>\n\u2013 Ulica \u2013 przerwali\u015bmy bezlito\u015bnie. \u2013 Jaka ulica?<br \/>\n\u2013 Na Bateryjce. Nie m\u00f3wi\u0142am?<br \/>\n\u2013 Nie \u2013 odparli\u015bmy i popatrzyli\u015bmy na siebie z niedowierzaniem.<br \/>\nMieli\u015bmy wra\u017cenie, \u017ce to b\u0119dzie najprostsza z naszych spraw. Po\u0142o\u017cona na Ochocie ulica Na Bateryjce jeszcze sto lat temu zwa\u0142a si\u0119 Bateryjna. Nazw\u0119 sw\u0105 wzi\u0119\u0142a od istniej\u0105cych w pobli\u017cu fort\u00f3w. Zmieniono j\u0105 dopiero w roku 1919, ale nie wiadomo dlaczego.<br \/>\n\u2013 A kiedy dok\u0142adnie zacz\u0119\u0142a pani to s\u0142ysze\u0107?<br \/>\n\u2013 No\u2026 ju\u017c kilka lat\u2026<br \/>\n\u2013 Czy nie wtedy, gdy na pani ulicy rozpocz\u0119to wykopaliska?<br \/>\nBab\u0119 Kopyto zatka\u0142o.<br \/>\n\u2013 G\u0142osy pojawi\u0142y si\u0119 kilka lat temu! Ale \u017ce to ma zwi\u0105zek z wykopaliskami, to do tego te\u017c ju\u017c dosz\u0142am! \u2013 powiedzia\u0142a. \u2013 Bo to pewnego dnia wszystkie telewizje zjecha\u0142y si\u0119 na te wykopaliska! Poinformowano dziennikarzy. Pozwolono tam ch\u0119tnym zajrze\u0107. No to posz\u0142am. Jak ja zobaczy\u0142am te szkielety\u2026\u00a0(&#8230;)<\/p>\n<div id=\"attachment_1078\" style=\"width: 268px\" class=\"wp-caption aligncenter\"><a href=\"http:\/\/legendywarszawskie.pl\/wp-content\/uploads\/2014\/08\/PL_Warsaw_ochota_location.svg_.png\"><img loading=\"lazy\" decoding=\"async\" aria-describedby=\"caption-attachment-1078\" class=\"size-medium wp-image-1078\" src=\"http:\/\/legendywarszawskie.pl\/wp-content\/uploads\/2014\/08\/PL_Warsaw_ochota_location.svg_-258x300.png\" alt=\"\u0179r\u00f3d\u0142o: Wikipedia\" width=\"258\" height=\"300\" srcset=\"http:\/\/legendywarszawskie.pl\/wp-content\/uploads\/2014\/08\/PL_Warsaw_ochota_location.svg_-258x300.png 258w, http:\/\/legendywarszawskie.pl\/wp-content\/uploads\/2014\/08\/PL_Warsaw_ochota_location.svg_.png 655w\" sizes=\"auto, (max-width: 258px) 100vw, 258px\" \/><\/a><p id=\"caption-attachment-1078\" class=\"wp-caption-text\">\u0179r\u00f3d\u0142o: Wikipedia<\/p><\/div>\n<p><strong>W granicach Warszawy:<\/strong> od XIX<br \/>\n<strong>Powierzchnia:<\/strong> 9,72 km2<br \/>\n<strong>Wed\u0142ug miejskiego systemu informacji dzieli si\u0119 na rejony:<\/strong><\/p>\n<ul>\n<li>Stara Ochota<\/li>\n<li>Filtry<\/li>\n<li>Rakowiec<\/li>\n<li>Szcz\u0119\u015bliwice<\/li>\n<\/ul>\n<div id=\"attachment_1079\" style=\"width: 310px\" class=\"wp-caption aligncenter\"><a href=\"http:\/\/legendywarszawskie.pl\/wp-content\/uploads\/2014\/08\/750px-PL_Warsaw_OCHOTA_MSI_podzia\u0142.svg_.png\"><img loading=\"lazy\" decoding=\"async\" aria-describedby=\"caption-attachment-1079\" class=\"size-medium wp-image-1079\" src=\"http:\/\/legendywarszawskie.pl\/wp-content\/uploads\/2014\/08\/750px-PL_Warsaw_OCHOTA_MSI_podzia\u0142.svg_-300x232.png\" alt=\"\u0179r\u00f3d\u0142o: Wikipedia\" width=\"300\" height=\"232\" srcset=\"http:\/\/legendywarszawskie.pl\/wp-content\/uploads\/2014\/08\/750px-PL_Warsaw_OCHOTA_MSI_podzia\u0142.svg_-300x232.png 300w, http:\/\/legendywarszawskie.pl\/wp-content\/uploads\/2014\/08\/750px-PL_Warsaw_OCHOTA_MSI_podzia\u0142.svg_.png 750w\" sizes=\"auto, (max-width: 300px) 100vw, 300px\" \/><\/a><p id=\"caption-attachment-1079\" class=\"wp-caption-text\">\u0179r\u00f3d\u0142o: Wikipedia<\/p><\/div>\n<p>A wi\u0119cej tutaj o <a href=\"http:\/\/legendywarszawskie.pl\/?cat=9\">Ochocie<\/a>\u2026<\/p>\n","protected":false},"excerpt":{"rendered":"<p>Rozdzia\u0142 pi\u0105ty (fragmenty) Ochota, czyli&#8230; W jednym grobie (&#8230;) Spojrzeli\u015bmy na siebie i wznie\u015bli\u015bmy oczy do nieba. Czuli\u015bmy, \u017ce zaraz nas chyba szlag trafi. Baba Kopyto zapewne si\u0119 zorientowa\u0142a, \u017ce <a class=\"more-link\" href=\"http:\/\/legendywarszawskie.pl\/?page_id=347\">Continue Reading &rarr;<\/a><\/p>\n","protected":false},"author":1,"featured_media":0,"parent":8,"menu_order":5,"comment_status":"closed","ping_status":"closed","template":"","meta":{"footnotes":""},"class_list":["post-347","page","type-page","status-publish","hentry"],"_links":{"self":[{"href":"http:\/\/legendywarszawskie.pl\/index.php?rest_route=\/wp\/v2\/pages\/347","targetHints":{"allow":["GET"]}}],"collection":[{"href":"http:\/\/legendywarszawskie.pl\/index.php?rest_route=\/wp\/v2\/pages"}],"about":[{"href":"http:\/\/legendywarszawskie.pl\/index.php?rest_route=\/wp\/v2\/types\/page"}],"author":[{"embeddable":true,"href":"http:\/\/legendywarszawskie.pl\/index.php?rest_route=\/wp\/v2\/users\/1"}],"replies":[{"embeddable":true,"href":"http:\/\/legendywarszawskie.pl\/index.php?rest_route=%2Fwp%2Fv2%2Fcomments&post=347"}],"version-history":[{"count":13,"href":"http:\/\/legendywarszawskie.pl\/index.php?rest_route=\/wp\/v2\/pages\/347\/revisions"}],"predecessor-version":[{"id":1576,"href":"http:\/\/legendywarszawskie.pl\/index.php?rest_route=\/wp\/v2\/pages\/347\/revisions\/1576"}],"up":[{"embeddable":true,"href":"http:\/\/legendywarszawskie.pl\/index.php?rest_route=\/wp\/v2\/pages\/8"}],"wp:attachment":[{"href":"http:\/\/legendywarszawskie.pl\/index.php?rest_route=%2Fwp%2Fv2%2Fmedia&parent=347"}],"curies":[{"name":"wp","href":"https:\/\/api.w.org\/{rel}","templated":true}]}}