{"id":343,"date":"2014-08-02T04:37:09","date_gmt":"2014-08-02T04:37:09","guid":{"rendered":"http:\/\/legendywarszawskie.pl\/?page_id=343"},"modified":"2015-02-21T13:41:37","modified_gmt":"2015-02-21T13:41:37","slug":"srodmiescie","status":"publish","type":"page","link":"http:\/\/legendywarszawskie.pl\/?page_id=343","title":{"rendered":"Rozdzia\u0142 o&#8230; \u015ar\u00f3dmie\u015bciu"},"content":{"rendered":"<p><strong>Rozdzia\u0142 dziewi\u0105ty (fragmenty) <\/strong><\/p>\n<p><strong>\u015ar\u00f3dmie\u015bcie, czyli&#8230; Powracaj\u0105ca manifestacja<\/strong><\/p>\n<p><a href=\"http:\/\/legendywarszawskie.pl\/wp-content\/uploads\/2014\/08\/DSC_6732.jpg\"><img loading=\"lazy\" decoding=\"async\" class=\"alignleft wp-image-1197 size-medium\" src=\"http:\/\/legendywarszawskie.pl\/wp-content\/uploads\/2014\/08\/DSC_6732-300x200.jpg\" alt=\"DSC_6732\" width=\"300\" height=\"200\" srcset=\"http:\/\/legendywarszawskie.pl\/wp-content\/uploads\/2014\/08\/DSC_6732-300x200.jpg 300w, http:\/\/legendywarszawskie.pl\/wp-content\/uploads\/2014\/08\/DSC_6732-1024x685.jpg 1024w, http:\/\/legendywarszawskie.pl\/wp-content\/uploads\/2014\/08\/DSC_6732-800x535.jpg 800w\" sizes=\"auto, (max-width: 300px) 100vw, 300px\" \/><\/a><\/p>\n<p>(&#8230;) \u2013 To nie ma nic wsp\u00f3lnego z wiar\u0105 \u2013 odpar\u0142 pan Jerzy. A widz\u0105c nasze spojrzenia, z kt\u00f3rych niezawodnie wyczyta\u0142, \u017ce nie bardzo rozumiemy, co ma na my\u015bli, wyja\u015bni\u0142: \u2013 Babcia i dziadek byli ateistami, wi\u0119c o wierze w tym przypadku nie rozmawiajmy. Ja to po prostu czuj\u0119. Oboje dziadkowie byli specyficznymi lud\u017ami.<br \/>\n\u2013 Z powodu tego ateizmu? \u2013 zdziwili\u015bmy si\u0119, a wtedy pan Jerzy wyja\u015bni\u0142 nam, \u017ce jego dziadkiem by\u0142 Lucjan Rudnicki, literat i dzia\u0142acz PPS, KPP i SDKPiL.<br \/>\n\u2013 Jego \u017cona, czyli moja babcia, to Maria Szukiewicz. By\u0142a blisk\u0105 wsp\u00f3\u0142pracowniczk\u0105 J\u00f3zefa Pi\u0142sudskiego w PPS. Konstruowa\u0142a bomby, kt\u00f3re potem rzucano w carskich dygnitarzy. Podobno do jednej z nich zapomnia\u0142a w\u0142o\u017cy\u0107 zapalnik. Dlatego gdy 18 sierpnia 1906 roku jej kole\u017canka Wanda Krahelska rzuci\u0142a dwie bomby w kierunku genera\u0142a-gubernatora Gieorgija Ska\u0142ona, ten prze\u017cy\u0142 zamach. Babcia mia\u0142a wtedy pseudonim Frania i fa\u0142szywe nazwisko Franciszka Koza. Potem wst\u0105pi\u0142a do partii komunistycznej, nielegalnej w czasach Drugiej Rzeczypospolitej, dlatego kilka razy by\u0142a aresztowana. Za ka\u017cdym razem to Marsza\u0142ek Pi\u0142sudski wyci\u0105ga\u0142 j\u0105 z aresztu. Po wojnie pozosta\u0142a komunistk\u0105, ale na kr\u00f3tko. M\u00f3j ojciec powtarza\u0142, \u017ce pod koniec lat czterdziestych rzuci\u0142a legitymacj\u0119 partyjn\u0105, twierdz\u0105c: \u201eTen w\u00f3zek wje\u017cd\u017ca w gn\u00f3j i ja z niego wysiadam\u201d.<br \/>\n\u2013 A co z tym snem?<br \/>\n\u2013 Snami \u2013 poprawi\u0142 nas pan Jerzy i opowiedzia\u0142, \u017ce w snach jest z babci\u0105 czasem na Krakowskim Przedmie\u015bciu, czasem na Marsza\u0142kowskiej, a czasem w Alejach Jerozolimskich. \u2013 Zawsze bierzemy udzia\u0142 w jakiej\u015b manifestacji. Co ciekawe, babcia w tych snach jest i moj\u0105 babcia, i moj\u0105 kole\u017cank\u0105. Jest m\u0142oda. Po tym, jak jest ubrana i jak ja jestem ubrany, poznaj\u0119, \u017ce to pocz\u0105tek dwudziestego wieku. Nasz rozm\u00f3wca przyzna\u0142, \u017ce nie wie, jak babcia wygl\u0105da\u0142a w m\u0142odo\u015bci, a mimo to jest przekonany, \u017ce to ona.<br \/>\n\u2013 Sk\u0105d?<br \/>\n\u2013 Po prostu w snach takie rzeczy si\u0119 wie i ju\u017c. Nie potrafi\u0119 tego racjonalnie wyt\u0142umaczy\u0107.<br \/>\nPokiwali\u015bmy g\u0142owami ze zrozumieniem, a pan Jerzy opowiedzia\u0142 nam, jak to babcia idzie obok niego i za ka\u017cdym razem ma przy sobie jaki\u015b czerwony sztandar z bia\u0142ym or\u0142em. Recytuje przy tym wierszyk.<br \/>\n\u2013 Kilka razy chcia\u0142em obudzi\u0107 si\u0119 i ten wierszyk zanotowa\u0107, ale po przebudzeniu nie pami\u0119ta\u0142em go. Zostawa\u0142 mi w g\u0142owie tylko taki strz\u0119p: \u201eCo m\u00f3wi\u0119, nie jest bajk\u0105\u201d i to si\u0119 rymowa\u0142o ze s\u0142owem \u201enahajk\u0105\u201d.<br \/>\nSpojrzeli\u015bmy na siebie porozumiewawczo. Obaj czytali\u015bmy ju\u017c kiedy\u015b wierszyk, kt\u00f3ry pasowa\u0142 nam do tego\u2026 By\u0142 w satyrycznej ksi\u0105\u017ceczce zatytu\u0142owanej Konstytucja z nahajk\u0105 wydanej nielegalnie w 1905 roku przez SDKPiL. (\u2026)<\/p>\n<div id=\"attachment_1092\" style=\"width: 268px\" class=\"wp-caption aligncenter\"><a href=\"http:\/\/legendywarszawskie.pl\/wp-content\/uploads\/2014\/08\/PL_Warsaw_\u015br\u00f3dmie\u015bcie_location.svg_.png\"><img loading=\"lazy\" decoding=\"async\" aria-describedby=\"caption-attachment-1092\" class=\"size-medium wp-image-1092\" src=\"http:\/\/legendywarszawskie.pl\/wp-content\/uploads\/2014\/08\/PL_Warsaw_\u015br\u00f3dmie\u015bcie_location.svg_-258x300.png\" alt=\"\u0179r\u00f3d\u0142o: Wikipedia\" width=\"258\" height=\"300\" srcset=\"http:\/\/legendywarszawskie.pl\/wp-content\/uploads\/2014\/08\/PL_Warsaw_\u015br\u00f3dmie\u015bcie_location.svg_-258x300.png 258w, http:\/\/legendywarszawskie.pl\/wp-content\/uploads\/2014\/08\/PL_Warsaw_\u015br\u00f3dmie\u015bcie_location.svg_.png 655w\" sizes=\"auto, (max-width: 258px) 100vw, 258px\" \/><\/a><p id=\"caption-attachment-1092\" class=\"wp-caption-text\">\u0179r\u00f3d\u0142o: Wikipedia<\/p><\/div>\n<p><strong>Powierzchnia:<\/strong> 15,05 km2<br \/>\n<strong>Wed\u0142ug miejskiego systemu informacji dzieli si\u0119 na rejony:<\/strong><\/p>\n<ul>\n<li>Stare Miasto,<\/li>\n<li>Nowe Miasto,<\/li>\n<li>Muran\u00f3w,<\/li>\n<li>Powi\u015ble,<\/li>\n<li>\u015ar\u00f3dmie\u015bcie P\u00f3\u0142nocne,<\/li>\n<li>\u015ar\u00f3dmie\u015bcie Po\u0142udniowe,<\/li>\n<li>Solec,<\/li>\n<li>Ujazd\u00f3w.<\/li>\n<\/ul>\n<div id=\"attachment_1093\" style=\"width: 278px\" class=\"wp-caption aligncenter\"><a href=\"http:\/\/legendywarszawskie.pl\/wp-content\/uploads\/2014\/08\/PL_Warsaw_\u015aR\u00d3DMIE\u015aCIE_MSI_podzia\u0142.svg_.png\"><img loading=\"lazy\" decoding=\"async\" aria-describedby=\"caption-attachment-1093\" class=\"size-medium wp-image-1093\" src=\"http:\/\/legendywarszawskie.pl\/wp-content\/uploads\/2014\/08\/PL_Warsaw_\u015aR\u00d3DMIE\u015aCIE_MSI_podzia\u0142.svg_-268x300.png\" alt=\"\u0179r\u00f3d\u0142o: Wikipedia\" width=\"268\" height=\"300\" srcset=\"http:\/\/legendywarszawskie.pl\/wp-content\/uploads\/2014\/08\/PL_Warsaw_\u015aR\u00d3DMIE\u015aCIE_MSI_podzia\u0142.svg_-268x300.png 268w, http:\/\/legendywarszawskie.pl\/wp-content\/uploads\/2014\/08\/PL_Warsaw_\u015aR\u00d3DMIE\u015aCIE_MSI_podzia\u0142.svg_.png 680w\" sizes=\"auto, (max-width: 268px) 100vw, 268px\" \/><\/a><p id=\"caption-attachment-1093\" class=\"wp-caption-text\">\u0179r\u00f3d\u0142o: Wikipedia<\/p><\/div>\n<p>A wi\u0119cej tutaj o <a href=\"http:\/\/legendywarszawskie.pl\/?cat=13\">\u015ar\u00f3dmie\u015bcie<\/a>\u2026<\/p>\n","protected":false},"excerpt":{"rendered":"<p>Rozdzia\u0142 dziewi\u0105ty (fragmenty) \u015ar\u00f3dmie\u015bcie, czyli&#8230; Powracaj\u0105ca manifestacja (&#8230;) \u2013 To nie ma nic wsp\u00f3lnego z wiar\u0105 \u2013 odpar\u0142 pan Jerzy. A widz\u0105c nasze spojrzenia, z kt\u00f3rych niezawodnie wyczyta\u0142, \u017ce nie <a class=\"more-link\" href=\"http:\/\/legendywarszawskie.pl\/?page_id=343\">Continue Reading &rarr;<\/a><\/p>\n","protected":false},"author":1,"featured_media":0,"parent":8,"menu_order":9,"comment_status":"closed","ping_status":"closed","template":"","meta":{"footnotes":""},"class_list":["post-343","page","type-page","status-publish","hentry"],"_links":{"self":[{"href":"http:\/\/legendywarszawskie.pl\/index.php?rest_route=\/wp\/v2\/pages\/343","targetHints":{"allow":["GET"]}}],"collection":[{"href":"http:\/\/legendywarszawskie.pl\/index.php?rest_route=\/wp\/v2\/pages"}],"about":[{"href":"http:\/\/legendywarszawskie.pl\/index.php?rest_route=\/wp\/v2\/types\/page"}],"author":[{"embeddable":true,"href":"http:\/\/legendywarszawskie.pl\/index.php?rest_route=\/wp\/v2\/users\/1"}],"replies":[{"embeddable":true,"href":"http:\/\/legendywarszawskie.pl\/index.php?rest_route=%2Fwp%2Fv2%2Fcomments&post=343"}],"version-history":[{"count":13,"href":"http:\/\/legendywarszawskie.pl\/index.php?rest_route=\/wp\/v2\/pages\/343\/revisions"}],"predecessor-version":[{"id":1585,"href":"http:\/\/legendywarszawskie.pl\/index.php?rest_route=\/wp\/v2\/pages\/343\/revisions\/1585"}],"up":[{"embeddable":true,"href":"http:\/\/legendywarszawskie.pl\/index.php?rest_route=\/wp\/v2\/pages\/8"}],"wp:attachment":[{"href":"http:\/\/legendywarszawskie.pl\/index.php?rest_route=%2Fwp%2Fv2%2Fmedia&parent=343"}],"curies":[{"name":"wp","href":"https:\/\/api.w.org\/{rel}","templated":true}]}}