{"id":316,"date":"2014-08-02T04:09:19","date_gmt":"2014-08-02T04:09:19","guid":{"rendered":"http:\/\/legendywarszawskie.pl\/?page_id=316"},"modified":"2020-05-08T18:37:04","modified_gmt":"2020-05-08T18:37:04","slug":"bibliografia","status":"publish","type":"page","link":"http:\/\/legendywarszawskie.pl\/?page_id=316","title":{"rendered":"Bibliografia"},"content":{"rendered":"<p><strong><em>Lista publikacji, z kt\u00f3rych zaczerpn\u0119\u0142am wiedz\u0119 potrzebn\u0105 do\u00a0powstania utworu.<\/em><\/strong><\/p>\n<ul>\n<li><em>Ballada o okaleczonym mie\u015bcie<\/em>, Warszawa 2006<\/li>\n<li>Beylin Karolina, <em>Dni powszednie Warszawy w latach 1880\u20131900<\/em>,\u00a0Warszawa 1967<\/li>\n<li>Beylin Karolina, <em>Opowie\u015bci warszawskie<\/em>, Warszawa 1956<\/li>\n<li>Beylin Karolina, <em>Pi\u0119tna\u015bcie lat Warszawy (1800\u20131815)<\/em>, Warszawa\u00a01976<\/li>\n<li>Beylin Karolina, <em>Tajemnice Warszawy z lat 1822\u20131830<\/em>, Warszawa\u00a01956<\/li>\n<li>Beylin Karolina, <em>W Warszawie w latach 1900\u20131914<\/em>, Warszawa 1972<\/li>\n<li><em>Bia\u0142o\u0142\u0119ka odkryta<\/em>, Warszawa 2011<\/li>\n<li>Bohdziewicz Anna Beata, Stopa Magdalena, <em>Kapliczki warszawskie<\/em>,\u00a0Warszawa 2009<\/li>\n<li>Bortnowski W\u0142adys\u0142aw, <em>\u0141una nad Solcem 1830. Blaski i cienie nocy\u00a0listopadowej<\/em>, Warszawa 1994<\/li>\n<li>Brykowska Maria, <em>Ko\u015bci\u00f3\u0142 Kamedu\u0142\u00f3w na Bielanach<\/em>, Warszawa 1982<\/li>\n<li>Buczek-P\u0142achtowa Barbara, <em>Dzieje d\u00f3br Mi\u0142osna<\/em>, Warszawa 2010<\/li>\n<li><em>Cywilna obrona Warszawy we wrze\u015bniu 1939 r. Dokumenty, materia\u0142y<\/em><br \/>\n<em>prasowe, wspomnienia, relacje<\/em>, Warszawa 1965<\/li>\n<li>Czartoryski-Sziler Piotr, <em>Drugie wysadzenie Reduty<\/em>, \u201eNasz Dziennik\u201d<br \/>\nz 17 VII 2014, nr 164<\/li>\n<li>Drozdowski Marian Marek, <em>Dzieje Warszawy<\/em>, t. IV: Warszawa<br \/>\nw latach 1914\u20131939, Warszawa 1990<\/li>\n<li>Drozdowski Marian Marek, <em>Warszawiacy i ich miasto w latach drugiej <\/em><em>Rzeczypospolitej<\/em>, Warszawa 1973<\/li>\n<li>Drozdowski Marian Marek, Zahorski Andrzej, <em>Historia Warszawy<\/em>,<br \/>\nWarszawa 1997<\/li>\n<li>Dunin-W\u0105sowicz Krzysztof, Dzieje Warszawy, t. V: <em>Warszawa w latach<\/em><br \/>\n<em>1939\u20131945<\/em>, Warszawa 1984<\/li>\n<li>Dunin-W\u0105sowicz Krzysztof, <em>Warszawa 1914\u20131918<\/em>, Warszawa 1980<\/li>\n<li>Dunin-W\u0105sowicz Krzysztof, <em>Warszawa w czasie pierwszej wojny<\/em><br \/>\n<em>\u015bwiatowej<\/em>, Warszawa 1974<\/li>\n<li>Dunin-W\u0105sowiczowa Janina, <em>Wspomnienia<\/em>, Warszawa 2005<\/li>\n<li><em>Dzieje Mokotowa<\/em>, Warszawa 1972<\/li>\n<li><em>Dzieje Ochoty<\/em>, Warszawa 1973<\/li>\n<li><em>Dzieje \u015ar\u00f3dmie\u015bcia<\/em>, Warszawa 1975<\/li>\n<li><em>Dzieje Woli<\/em>, Warszawa 1974<\/li>\n<li>Ekielska-Mardal Anna, <em>Daleki Wsch\u00f3d w Wilanowie<\/em>, Warszawa 2008<\/li>\n<li><em>Encyklopedia Warszawy<\/em>, Warszawa 1994<\/li>\n<li>Gali\u0144ski Franciszek, <em>Gaw\u0119dy o Warszawie<\/em>, Warszawa 1960<\/li>\n<li>Handke Kwiryna, <em>S\u0142ownik nazewnictwa Warszawy<\/em>, Warszawa 1998<\/li>\n<li>Hen J\u00f3zef, <em>M\u00f3j przyjaciel Kr\u00f3l<\/em>, Warszawa 2003<\/li>\n<li>Herbaczy\u0144ski Wojciech, <em>W dawnych cukierniach i kawiarniach warszawskich<\/em>,<br \/>\nWarszawa 1983<\/li>\n<li><em>Historia Bia\u0142o\u0142\u0119ki i jej dzie\u0144 dzisiejszy<\/em>, red. Andrzej So\u0142tan, Warszawa\u00a02007<\/li>\n<li><em>Historja i opis Ko\u015bcio\u0142a w Czerniakowie (pod Warszaw\u0105). Pod\u0142ug wiarygodnych<\/em><br \/>\n<em>\u017ar\u00f3de\u0142 i w\u0142asnych spostrze\u017ce\u0144 z dodaniem zbioru stosownych\u00a0modlitw<\/em> wyda\u0142 Ks. J\u00f3zef Mrozowski rektor tego\u017c ko\u015bcio\u0142a. Z 5-ma fotodrukami,\u00a0Warszawa 1902<\/li>\n<li>Jab\u0142o\u0144ski Rafa\u0142, <em>W podziemiach Warszawy<\/em>, Warszawa 1978<\/li>\n<li>Karwicki W\u0142adys\u0142aw Lech, <em>Zabawy na Bielanach<\/em>, Warszawa 1978<\/li>\n<li>Kasprzycki Jerzy, <em>Korzenie miasta. Warszawskie po\u017cegnania, t. I:\u00a0\u015ar\u00f3dmie\u015bcie Po\u0142udniowe<\/em>, Warszawa 1996<\/li>\n<li>Kasprzycki Jerzy, <em>Korzenie miasta. Warszawskie po\u017cegnania, t. III:\u00a0Prag<\/em>a, Warszawa 1998<\/li>\n<li>Kasprzycki Jerzy, <em>Korzenie miasta. Warszawskie po\u017cegnania, t. V:\u00a0\u017boliborz i Wola,<\/em> Warszawa 1999<\/li>\n<li>Kasprzycki Jerzy, Majewski Jerzy S., <em>Korzenie miasta. Warszawskie\u00a0po\u017cegnania, t. VI: Dooko\u0142a Warszawy<\/em>, Warszawa 2004<\/li>\n<li>Kasprzycki Jerzy, St\u0119pie\u0144 Marian, <em>Po\u017cegnania warszawskie, Warszawa\u00a01971<\/em><\/li>\n<li>Kieniewicz Stefan, <em>Dzieje Warszawy, t. III: Warszawa w latach\u00a01795\u20131914<\/em>, Warszawa 1976<\/li>\n<li>Kieniewicz Stefan, <em>Warszawa w powstaniu styczniowym<\/em>, Warszawa\u00a01956<\/li>\n<li>Klim Andrzej, <em>Seks, sztuka i alkohol. \u017bycie towarzyskie lat 60.<\/em>, Warszawa\u00a02013<\/li>\n<li>Kowalczykowa Alina, <em>Warszawa romantyczna<\/em>, Warszawa 1987<\/li>\n<li>Kraushar Alexander, <em>Miscelanea historyczne XXXVI, klub patriotyczny<\/em><br \/>\n<em>Warszawski w czasach Powstania Listopadowego 1830\u20131831<\/em>,\u00a0Lw\u00f3w 1909<\/li>\n<li>Kriegseisen Wojciech, <em>Ewangelicy polscy i litewscy w epoce saskiej<\/em>,<br \/>\nWarszawa 1996<\/li>\n<li>Krosnowska z Ruszczykowskich Stefania, <em>Pa\u0142eczka pokole\u0144, czyli<\/em><br \/>\n<em>plotki rodzinne<\/em>, r\u0119kopis, archiwum autorki<\/li>\n<li>Kr\u00f3l Stefan, <em>Cytadela Warszawska<\/em>, Warszawa 1978<\/li>\n<li>Kr\u00f3l Stefan, <em>Cytadela Warszawska<\/em>, X Pawilon \u2013 carskie wi\u0119zienie\u00a0polityczne (1833\u20131856), Warszawa 1969<\/li>\n<li>Kr\u00f3likowski Lech, <em>Twierdza Warszawa<\/em>, Warszawa 2002<\/li>\n<li>Kubin Jerzy, <em>Powsta\u0144cze reporta\u017ce z \u017boliborza<\/em>, Warszawa 2004<\/li>\n<li>Kuchowicz Zbigniew, <em>Mi\u0142o\u015b\u0107 staropolska. Wzory \u2013 uczuciowo\u015b\u0107 \u2013 obyczaje<\/em><br \/>\n<em>erotyczne XVI\u2013XVIII wieku<\/em>, \u0141\u00f3d\u017a 1982<\/li>\n<li>Kulski Julian,<em> Z minionych lat \u017cycia 1892\u20131945<\/em>, Warszawa 1982<\/li>\n<li>Lewandowski W\u0142adys\u0142aw, <em>Uczestnicy powstania listopadowego\u00a0opowiadaj\u0105 (wyb\u00f3r pami\u0119tnik\u00f3w)<\/em>, Warszawa 1959<\/li>\n<li>Libera Zdzis\u0142aw, <em>\u017bycie literackie w Warszawie w czasach Stanis\u0142awa\u00a0Augusta<\/em>, Warszawa 1971<\/li>\n<li>Lisak Agnieszka, <em>Mi\u0142o\u015b\u0107 staropolska. Obyczaje. Intrygi. Skandale<\/em>,\u00a0Warszawa 2007<\/li>\n<li>\u0141epkowski Tadeusz, <em>Warszawa w powstaniu listopadowym<\/em>, Warszawa\u00a01957<\/li>\n<li>Majewski Jerzy S., Smura Krzysztof, <em>Spacer w czasie \u2013 Warszawa<\/em>,\u00a0Pozna\u0144 2011<\/li>\n<li>Ma\u017cewski Lech, <em>Powsta\u0144czy szanta\u017c<\/em>, Warszawa 2004<\/li>\n<li>Milewski Stanis\u0142aw, <em>Codzienno\u015b\u0107 niegdysiejszej Warszawy<\/em>, Warszawa\u00a02010<\/li>\n<li>Mo\u015bcicki Henryk J., <em>Cytadela Warszawska. Zarys historii budowy<\/em>,\u00a0Warszawa 1963<\/li>\n<li>M\u00f3rawski Karol, G\u0142\u0119bocki Wies\u0142aw, <em>Bedeker warszawski<\/em>, Warszawa\u00a01996<\/li>\n<li>Nowakowski Marek, <em>Czarna i Ma\u0142a<\/em>, Warszawa 2010<\/li>\n<li>Nowakowski Marek, <em>Dziennik podr\u00f3\u017cy w przesz\u0142o\u015b\u0107<\/em>, Warszawa 2014<\/li>\n<li>Nowakowski Marek, <em>Mizerykordia<\/em>, Warszawa 1977<\/li>\n<li>Nowakowski Marek,<em> Moja Warszawa, Powidoki<\/em>, Warszawa 2010<\/li>\n<li>Nowakowski Marek, <em>Rajski ptak i inne opowiadania<\/em>, Warszawa 2000<\/li>\n<li><em>Obrona Warszawy w 1939 r. Wyb\u00f3r dokument\u00f3w wojskowych<\/em>, zebra\u0142\u00a0i opracowa\u0142 Mieczys\u0142aw Cieplewicz, Warszawa 1968<\/li>\n<li>Ole\u0144czak Piotr, Tuszko Teodor, <em>Twierdza Warszawa. Przewodnik\u00a0historyczny z map\u0105<\/em>, Warszawa 2013<\/li>\n<li>Omilanowska Ma\u0142gorzata, <em>Most i wiadukt ksi\u0119cia J\u00f3zefa Poniatowskiego<\/em>,\u00a0Warszawa 1991<\/li>\n<li><em>Pami\u0119tniki cesarzowej Katarzyny II przez ni\u0105 sam\u0105 spisane<\/em>, Krak\u00f3w\u00a01980<\/li>\n<li><em>Pami\u0119tniki kr\u00f3la Stanis\u0142awa Augusta, przek\u0142. pol. dokonany z upowa\u017cnienia<\/em><br \/>\n<em>Cesarskiej Akademji Nauk w Piotrogrodzie pod redakcy\u0105 d-ra\u00a0W\u0142adys\u0142awa Konopczy\u0144skiego i prof. St. Ptaszyckiego<\/em>, Warszawa 1915<\/li>\n<li>Paw\u0142owicz Henryk, <em>Wawer, 27 grudnia 1939<\/em>, Warszawa 1962<\/li>\n<li>Paw\u0142owski Tomasz, <em>Przedwojenny \u017boliborz. Nieznane fotografie<\/em>,\u00a0Warszawa 2012<\/li>\n<li>Piekarski Maciej, <em>Pierwszy maja w tradycji pokole\u0144<\/em>, \u201eStolica\u201d 1979, nr 17<\/li>\n<li><em>Poczet kr\u00f3l\u00f3w i ksi\u0105\u017c\u0105t polskich<\/em>, red. naukowa Andrzej Garlicki,\u00a0Warszawa 1980<\/li>\n<li>Podhorska-Oko\u0142\u00f3w Stefania, <em>Warszawa mego dzieci\u0144stwa<\/em>, Warszawa\u00a01955<\/li>\n<li>Potocki Stanis\u0142aw Kostka, <em>O sztuce u dawnych czyli Winkelman\u00a0Polski<\/em>, cz. 1\u20133 i cz. 4: Bibliografia i indeksy; oprac. Janusz A. Ostrowski,\u00a0Joachim \u015aliwa, Warszawa 1992<\/li>\n<li><em>Powsi\u0144ska biesiada<\/em>, Warszawa 2013<\/li>\n<li>Przewodnik warszawski informacyjno-adresowy na rok 1870, Warszawa\u00a01870<\/li>\n<li>Raczek Jerzy Bogdan, <em>Transatlantycka Radiotelegraficzna Centrala\u00a0Nadawcza w Babicach<\/em>, Stare Babice 2013<\/li>\n<li>Rostworowski Emanuel, <em>Ostatni kr\u00f3l Rzeczypospolitej. Geneza\u00a0i upadek Konstytucji 3 maja<\/em>, Warszawa 1966<\/li>\n<li>Rudnicki Kazimierz, <em>Cuda i objawienia w Polsce (1949\u20131986)<\/em>, Warszawa\u00a01991<\/li>\n<li><em>Skorowidz mieszka\u0144c\u00f3w miasta Warszawy z przedmie\u015bciami na rok\u00a01834,<\/em> [Warszawa] 1854<\/li>\n<li>Skowronek Jerzy, Tessaro-Kosimowa Irena, <em>Warszawa w powstaniu\u00a0listopadowym<\/em>, Warszawa 1980<\/li>\n<li><em>S\u0142u\u017cew i jego ko\u015bci\u00f3\u0142. Materia\u0142y z sesji naukowej \u201eKo\u015bci\u00f3\u0142 i parafia<\/em><br \/>\n<em>pw. \u015bw. Katarzyny na S\u0142u\u017cewie \u2013 dzieje dawne i nowsze\u201d,<\/em> zorganizowanej<br \/>\nw dn. 7\u20138 listopada 2011 r. staraniem Fundacji S\u0142u\u017cewskiej, Muzeum<br \/>\nHistorycznego m.st. Warszawy i Urz\u0119du Dzielnicy Ursyn\u00f3w m.st. Warszawy,<br \/>\nWarszawa 2013<\/li>\n<li><em>\u201eStudia Warszawskie\u201d, t. XII: Warszawa XVIII wieku, z. 1<\/em>, Warszawa\u00a01972<\/li>\n<li><em>\u201eStudia Warszawskie\u201d, t. XII: Warszawa XVIII wieku, z. 2,<\/em> Warszawa\u00a01973<\/li>\n<li><em>\u201eStudia Warszawskie\u201d, t. XIX: Warszawa \u015bredniowieczna, z. 2,<\/em>\u00a0Warszawa 1975<\/li>\n<li><em>\u201eStudia Warszawskie\u201d, t. XX: Warszawa XVI\u2013XVII wieku, z. 1,<\/em>\u00a0Warszawa 1974<\/li>\n<li>Szenic Stanis\u0142aw, <em>Ani triumf ani zgon,<\/em> Warszawa 1969<\/li>\n<li>Szenic Stanis\u0142aw, <em>Pitaval warszawski, t. I: 1524\u20131794,<\/em> Warszawa 1957<\/li>\n<li>Szenic Stanis\u0142aw, <em>Pitaval warszawski, t. II: 1795\u20131914,<\/em> Warszawa\u00a01959<\/li>\n<li>Szlety\u0144ski Henryk, <em>Siedem gaw\u0119d z czas\u00f3w m\u0142odo\u015bci,<\/em> Warszawa 1979<\/li>\n<li><em>Taryffa dom\u00f3w miasta Warszawy i Pragi z planem og\u00f3lnym i 128<\/em><br \/>\n<em>szczeg\u00f3\u0142owych planik\u00f3w ulic i dom\u00f3w,<\/em> 1852<\/li>\n<li>Tazbir Janusz, <em>Reformacja \u2013 kontrreformacja \u2013 tolerancja<\/em>, Wroc\u0142aw 1996<\/li>\n<li>Tokarz Wac\u0142aw,<em> Insurekcja warszawska 17 i 18 kwietnia 1794 r.<\/em>,\u00a0Warszawa 1950<\/li>\n<li>Tokarz Wac\u0142aw,<em> Sprzysi\u0119\u017cenie Wysockiego i noc listopadowa z 44 ilustracjami<\/em><br \/>\n<em>i 3 planami<\/em>, [Warszawa] 1925<\/li>\n<li>Tomkiewiczowa Maria, Tomkiewicz W\u0142adys\u0142aw, <em>Dawna Polska\u00a0w anegdocie,<\/em> Warszawa 1961<\/li>\n<li>Topi\u0144ska Marta, <em>Ko\u015bci\u00f3\u0142 czerniakowski<\/em>, Warszawa 1977<\/li>\n<li>Tyblewska z Gorczyckich Jadwiga, <em>Pami\u0119tnik<\/em>, maszynopis, archiwum\u00a0autorki<\/li>\n<li><em>Ursus 1976<\/em> \u2013 dokumenty, relacje, zdj\u0119cia, relacje, opracowa\u0142 Tadeusz\u00a0Krawczak, Warszawa 2006<\/li>\n<li><em>Ursus<\/em>, red. Adam Or\u0142owski, Warszawa 1978<\/li>\n<li><em>Ustawa Rz\u0105dowa, Prawo uchwalone dnia 3 Maia Roku 1791 w Warszawie<\/em>,<br \/>\nreprint, Warszawa 1991<\/li>\n<li><em>Warszawa w pami\u0119tnikach powstania styczniowego<\/em>, red. Krzysztof\u00a0Dunin-W\u0105sowicz, Warszawa 1963<\/li>\n<li><em>Warszawa we wrze\u015bniu 1939 roku. Obrona i \u017cycie codzienne<\/em>, red.<br \/>\nnaukowa Czes\u0142aw Grzelak, Warszawa 2004<\/li>\n<li>Wierzchowski Henryk, <em>Anin, Wawer,<\/em> Warszawa 1971<\/li>\n<li>Wrzesie\u0144 1939 w relacjach i wspomnieniach, wyb\u00f3r i oprac. Mieczys\u0142aw<br \/>\nCieplewicz, Eugeniusz Koz\u0142owski, Warszawa 1989<\/li>\n<li>Zahorski Andrzej, <em>Warszawa w powstaniu ko\u015bciuszkowskim<\/em>, Warszawa\u00a01967<\/li>\n<li>Zieli\u0144ski Jaros\u0142aw, <em>Przedwojenne Bielany. Najpi\u0119kniejsze fotografie<\/em>,\u00a0Warszawa 2010<\/li>\n<li>\u017bywirska Maria, <em>Ostatnie lata \u017cycia kr\u00f3la Stanis\u0142awa Augusta<\/em>, Warszawa<br \/>\n1978<\/li>\n<\/ul>\n","protected":false},"excerpt":{"rendered":"<p>Lista publikacji, z kt\u00f3rych zaczerpn\u0119\u0142am wiedz\u0119 potrzebn\u0105 do\u00a0powstania utworu. Ballada o okaleczonym mie\u015bcie, Warszawa 2006 Beylin Karolina, Dni powszednie Warszawy w latach 1880\u20131900,\u00a0Warszawa 1967 Beylin Karolina, Opowie\u015bci warszawskie, Warszawa 1956 <a class=\"more-link\" href=\"http:\/\/legendywarszawskie.pl\/?page_id=316\">Continue Reading &rarr;<\/a><\/p>\n","protected":false},"author":1,"featured_media":0,"parent":0,"menu_order":5,"comment_status":"closed","ping_status":"closed","template":"","meta":{"footnotes":""},"class_list":["post-316","page","type-page","status-publish","hentry"],"_links":{"self":[{"href":"http:\/\/legendywarszawskie.pl\/index.php?rest_route=\/wp\/v2\/pages\/316","targetHints":{"allow":["GET"]}}],"collection":[{"href":"http:\/\/legendywarszawskie.pl\/index.php?rest_route=\/wp\/v2\/pages"}],"about":[{"href":"http:\/\/legendywarszawskie.pl\/index.php?rest_route=\/wp\/v2\/types\/page"}],"author":[{"embeddable":true,"href":"http:\/\/legendywarszawskie.pl\/index.php?rest_route=\/wp\/v2\/users\/1"}],"replies":[{"embeddable":true,"href":"http:\/\/legendywarszawskie.pl\/index.php?rest_route=%2Fwp%2Fv2%2Fcomments&post=316"}],"version-history":[{"count":10,"href":"http:\/\/legendywarszawskie.pl\/index.php?rest_route=\/wp\/v2\/pages\/316\/revisions"}],"predecessor-version":[{"id":2948,"href":"http:\/\/legendywarszawskie.pl\/index.php?rest_route=\/wp\/v2\/pages\/316\/revisions\/2948"}],"wp:attachment":[{"href":"http:\/\/legendywarszawskie.pl\/index.php?rest_route=%2Fwp%2Fv2%2Fmedia&parent=316"}],"curies":[{"name":"wp","href":"https:\/\/api.w.org\/{rel}","templated":true}]}}