{"id":1967,"date":"2015-08-23T18:48:21","date_gmt":"2015-08-23T18:48:21","guid":{"rendered":"http:\/\/czucieiwiara.pl\/?page_id=1967"},"modified":"2015-08-23T18:48:21","modified_gmt":"2015-08-23T18:48:21","slug":"recenzja-z-magazynu-literackiego-ksiazki-nr-72015","status":"publish","type":"page","link":"http:\/\/legendywarszawskie.pl\/?page_id=1967","title":{"rendered":"Recenzja z &#8222;Magazynu Literackiego Ksi\u0105\u017cki&#8221; nr 7\/2015"},"content":{"rendered":"<p><a href=\"http:\/\/czucieiwiara.pl\/wp-content\/uploads\/2015\/03\/piekarska1a-2.jpg\"><img loading=\"lazy\" decoding=\"async\" class=\"alignleft size-medium wp-image-1635\" src=\"http:\/\/czucieiwiara.pl\/wp-content\/uploads\/2015\/03\/piekarska1a-2-212x300.jpg\" alt=\"piekarska1a (2)\" width=\"212\" height=\"300\" srcset=\"http:\/\/legendywarszawskie.pl\/wp-content\/uploads\/2015\/03\/piekarska1a-2-212x300.jpg 212w, http:\/\/legendywarszawskie.pl\/wp-content\/uploads\/2015\/03\/piekarska1a-2.jpg 600w\" sizes=\"auto, (max-width: 212px) 100vw, 212px\" \/><\/a>Spojrzenie na sto\u0142eczne miasto z zupe\u0142nie innej perspektywy. \u017beby lepiej zrozumie\u0107 zamys\u0142 autorki, warto si\u0119gn\u0105\u0107 po przywo\u0142any przez ni\u0105 mickiewiczowski wiersz \u201eRomantyczno\u015b\u0107\u201d z os\u0142awionym cytatem: \u201eCzucie i wiara silniej m\u00f3wi do mnie ni\u017c m\u0119drca szkie\u0142ko i oko\u201d. Tu prawda miesza si\u0119 z fikcj\u0105, historyczne fakty z paranormalnymi zjawiskami.<\/p>\n<p>Ma\u0142gorzata Karolina Piekarska jest dziennikark\u0105 i pisark\u0105, w tym autork\u0105 wy\u015bmienitej powie\u015bci dla m\u0142odzie\u017cy \u201eKlasa pani Czajki\u201d, przygodowo-detektywistycznej ksi\u0105\u017cki dla starszych dzieci \u201etropiciele\u201d, poradnika \u201eKurs dziennikarstwa dla samouk\u00f3w\u201d, a z zami\u0142owania rodzinnym genealogiem, blogerk\u0105 i varsavianistk\u0105.<\/p>\n<p>Ksi\u0105\u017cka sk\u0142ada si\u0119 z osiemnastu rozdzia\u0142\u00f3w, ka\u017cdy po\u015bwi\u0119cony jest innej dzielnicy Warszawy, ka\u017cde opracowanie toczy si\u0119 wok\u00f3\u0142 historycznego wydarzenia. Autorka czerpa\u0142a pe\u0142nymi gar\u015bciami z bogatej historii Warszawy i jej mieszka\u0144c\u00f3w, z domowego archiwum w\u0142asnego oraz przyjaci\u00f3\u0142 i znajomych, doprawiaj\u0105c opowie\u015bci solidn\u0105 dawk\u0105 magiczno\u015bci.<\/p>\n<p>\u201eCzucie i Wiara\u201d to nazwa biura, prowadzonego przez g\u0142\u00f3wnych bohater\u00f3w. S\u0105 niczym Dana Scully i Fox Mulder z serialu \u201eArchiwum X\u201d. I tak jak ameryka\u0144scy agenci, zajmuj\u0105 si\u0119 dziwnymi i trudnymi do wyja\u015bnienia w racjonalny spos\u00f3b zjawiskami, tyle, \u017ce na sto\u0142ecznych ulicach. Dla J\u00f3zefa i Bronis\u0142awa Krosnowskich nie ma spraw, kt\u00f3rych nie da si\u0119 wyja\u015bni\u0107, nawet je\u017celi trzeb si\u0119gn\u0105\u0107 o czas\u00f3w wojen ze Szwedami czy powsta\u0144 narodowych. Przez karty ksi\u0105\u017cki przewija si\u0119 barwny korow\u00f3d postaci, historycznych i prawdziwych.<\/p>\n<p>Detektywi rozwik\u0142aj\u0105 zagadk\u0119 nietypowych odg\u0142os\u00f3w zak\u0142\u00f3caj\u0105cych dzia\u0142alno\u015b\u0107 Radia Bemowo; jak si\u0119 okazuje ma to zwi\u0105zek z obron\u0105 stacji nadawczej Transatlantyckiej Centrali Radiotelegraficznej we wrze\u015bniu 1939 roku na terenie fortu Babice. Z kolei tajemnicze rosyjskie g\u0142osy, kt\u00f3re s\u0142yszy mieszkanka Ochoty przy ul. Na bateryjce maj\u0105 zwi\u0105zek z powstaniem listopadowym. W\u015br\u00f3d wielu tajemnic jest te\u017c uporczywie powracaj\u0105cy do krypty-kapliczki \u015bw. Bonifacego talar, pojawiaj\u0105cy si\u0119 znik\u0105d tramwaj na Targ\u00f3wku, p\u0142acz\u0105ca Madonna w Rembertowie lub te\u017c nietuzinkowy apartament w zaje\u017adzie Napoleo\u0144skim Wawrze. Ka\u017cdy mieszkaniec Warszawy mo\u017ce pozna\u0107 fascynuj\u0105c\u0105 zagadk\u0119 swojej dzielnicy. Ksi\u0105\u017cka Ma\u0142gorzaty Karoliny Piekarskiej jest szczeg\u00f3lnym dowodem pami\u0119ci o historii Warszawy.<\/p>\n<p>(ET)<\/p>\n<p>\u0179r\u00f3d\u0142o: Magazyn Literacki Ksi\u0105\u017cki nr 7\/2015<\/p>\n","protected":false},"excerpt":{"rendered":"<p>Spojrzenie na sto\u0142eczne miasto z zupe\u0142nie innej perspektywy. \u017beby lepiej zrozumie\u0107 zamys\u0142 autorki, warto si\u0119gn\u0105\u0107 po przywo\u0142any przez ni\u0105 mickiewiczowski wiersz \u201eRomantyczno\u015b\u0107\u201d z os\u0142awionym cytatem: \u201eCzucie i wiara silniej m\u00f3wi <a class=\"more-link\" href=\"http:\/\/legendywarszawskie.pl\/?page_id=1967\">Continue Reading &rarr;<\/a><\/p>\n","protected":false},"author":1,"featured_media":1635,"parent":1886,"menu_order":7,"comment_status":"closed","ping_status":"closed","template":"","meta":{"footnotes":""},"class_list":["post-1967","page","type-page","status-publish","has-post-thumbnail","hentry"],"_links":{"self":[{"href":"http:\/\/legendywarszawskie.pl\/index.php?rest_route=\/wp\/v2\/pages\/1967","targetHints":{"allow":["GET"]}}],"collection":[{"href":"http:\/\/legendywarszawskie.pl\/index.php?rest_route=\/wp\/v2\/pages"}],"about":[{"href":"http:\/\/legendywarszawskie.pl\/index.php?rest_route=\/wp\/v2\/types\/page"}],"author":[{"embeddable":true,"href":"http:\/\/legendywarszawskie.pl\/index.php?rest_route=\/wp\/v2\/users\/1"}],"replies":[{"embeddable":true,"href":"http:\/\/legendywarszawskie.pl\/index.php?rest_route=%2Fwp%2Fv2%2Fcomments&post=1967"}],"version-history":[{"count":1,"href":"http:\/\/legendywarszawskie.pl\/index.php?rest_route=\/wp\/v2\/pages\/1967\/revisions"}],"predecessor-version":[{"id":1969,"href":"http:\/\/legendywarszawskie.pl\/index.php?rest_route=\/wp\/v2\/pages\/1967\/revisions\/1969"}],"up":[{"embeddable":true,"href":"http:\/\/legendywarszawskie.pl\/index.php?rest_route=\/wp\/v2\/pages\/1886"}],"wp:featuredmedia":[{"embeddable":true,"href":"http:\/\/legendywarszawskie.pl\/index.php?rest_route=\/wp\/v2\/media\/1635"}],"wp:attachment":[{"href":"http:\/\/legendywarszawskie.pl\/index.php?rest_route=%2Fwp%2Fv2%2Fmedia&parent=1967"}],"curies":[{"name":"wp","href":"https:\/\/api.w.org\/{rel}","templated":true}]}}