{"id":1957,"date":"2015-07-17T16:27:30","date_gmt":"2015-07-17T16:27:30","guid":{"rendered":"http:\/\/czucieiwiara.pl\/?page_id=1957"},"modified":"2015-07-17T16:28:40","modified_gmt":"2015-07-17T16:28:40","slug":"recenzja-z-portalu-histmag-org","status":"publish","type":"page","link":"http:\/\/legendywarszawskie.pl\/?page_id=1957","title":{"rendered":"Recenzja z portalu histmag.org"},"content":{"rendered":"<p><strong><a href=\"http:\/\/czucieiwiara.pl\/wp-content\/uploads\/2015\/03\/piekarska1a-2.jpg\"><img loading=\"lazy\" decoding=\"async\" class=\"alignleft size-medium wp-image-1635\" src=\"http:\/\/czucieiwiara.pl\/wp-content\/uploads\/2015\/03\/piekarska1a-2-212x300.jpg\" alt=\"piekarska1a (2)\" width=\"212\" height=\"300\" srcset=\"http:\/\/legendywarszawskie.pl\/wp-content\/uploads\/2015\/03\/piekarska1a-2-212x300.jpg 212w, http:\/\/legendywarszawskie.pl\/wp-content\/uploads\/2015\/03\/piekarska1a-2.jpg 600w\" sizes=\"auto, (max-width: 212px) 100vw, 212px\" \/><\/a>Historia Warszawy kryje wiele tajemnic i zapomnianych zdarze\u0144. Ma\u0142gorzata Karolina Piekarska w swych opowiadania pt. \u201eCzucie i wiara, czyli warszawskie duchy\u201d postanowi\u0142a przypomnie\u0107 o niekt\u00f3rych z nich. Po raz kolejny okazuje si\u0119, \u017ce nawet zwyk\u0142e z pozoru miejsca mog\u0105 ukrywa\u0107 fascynuj\u0105ce dzieje.<\/strong><\/p>\n<p>Ma\u0142gorzata Karolina Piekarska w swojej nowej ksi\u0105\u017cce pr\u00f3buje stworzy\u0107 nowe warszawskie legendy, a tak\u017ce \u2013 na sw\u00f3j spos\u00f3b \u2013 opowiedzie\u0107 dzieje kilku wa\u017cnych dla warszawiak\u00f3w miejsc. W tym celu si\u0119ga do literatury popularnej, a momentami wr\u0119cz kryminalnej. Wszystko po to, by wci\u0105gn\u0105\u0107 czytelnika w opowie\u015b\u0107 o tajemnicach warszawskich dzielnic i plastycznie wykreowa\u0107 postaci J\u00f3zefa i Bronis\u0142awa Krosnowskich &#8211; ojca i syna prowadz\u0105cych biuro detektywistyczne \u201eCzucie i wiara\u201d. Nie jest ta przybytek pierwszy z brzegu, bo co prawda biuro zajmuje si\u0119 rozwi\u0105zywaniem problem\u00f3w mieszka\u0144c\u00f3w Warszawy, ale g\u0142\u00f3wnie tych dotycz\u0105cych zjawisk paranormalnych zwi\u0105zanych z histori\u0105 jej poszczeg\u00f3lnych dzielnic. Kolejni klienci zlecaj\u0105 mu m.in. zbadanie tajemnicy znikaj\u0105cego talara i \u015bpiew\u00f3w starocerkiewnego ch\u00f3ru w ko\u015bcio\u0142ach na Mokotowie i Bielanach, dziwnych d\u017awi\u0119k\u00f3w na Bemowie, ducha Leonida Piaseckiego na Pradze Po\u0142udnie czy p\u0142acz\u0105cej Madonny z Rembertowa.<br \/>\nAutorka niezwykle ciekawie opisuje dzieje poszczeg\u00f3lnych miejsc. Dzi\u0119ki temu czytelnik ma okazj\u0119 obserwowa\u0107 Warszaw\u0119 z nieco innej, mniej znanej strony, wskrzesza zapomniane historie, kt\u00f3rymi kiedy\u015b \u017cyli jej mieszka\u0144cy. W ka\u017cdym w\u0105tki da si\u0119 dostrzec gruntowne przygotowanie merytoryczne pisarki. Snuje ona swoje opowie\u015bci w oparciu m.in. o opracowania historyczne, co nadaje tej ksi\u0105\u017cce nie tylko wymiar rozrywkowy, lecz tak\u017ce edukacyjny. Mo\u017cna wr\u0119cz powiedzie\u0107, \u017ce pe\u0142ni ona funkcj\u0119 swojego rodzaju przewodnika -pokazuj\u0105c odbiorcom warte dostrze\u017cenia punkty na mapie Warszawy i opisuj\u0105c je w \u0142atwy do przyswojenia, a jednocze\u015bnie naprawd\u0119 niebanalny spos\u00f3b.<br \/>\nS\u0142absz\u0105 stron\u0105 ksi\u0105\u017cki jest warstwa czysto literacka. Do historii poszczeg\u00f3lnych miejsc autorka dopisuje fabu\u0142\u0119, opieraj\u0105c\u0105 si\u0119 na opisie galerii postaci\u2013zleceniodawc\u00f3w biura, przychodz\u0105cych do g\u0142\u00f3wnych bohater\u00f3w z pro\u015bb\u0105 o rozwi\u0105zanie dr\u0119cz\u0105cych ich zagadek. Pisarka pr\u00f3buje tym sposobem znale\u017a\u0107 przyst\u0119pn\u0105 form\u0119 do przekazania dziej\u00f3w Warszawy, co udaje si\u0119 w wi\u0119kszo\u015bci opowiada\u0144. Niekt\u00f3re z nich staj\u0105 si\u0119 do\u015b\u0107 schematyczne a i bohaterowie momentami wypadaj\u0105 do\u015b\u0107 sztampowo. Daje si\u0119 dostrzec, \u017ce autorka bardziej skupi\u0142a si\u0119 na ciekawym przekazaniu miejskich legend ni\u017c na precyzyjnej konstrukcji w\u0105tk\u00f3w fikcyjnych. Wydaje si\u0119, \u017ce jest to niewielka wada \u2013 nie skomplikowana fabu\u0142a gra w ksi\u0105\u017cce pierwszoplanow\u0105 rol\u0119. Kluczowym celem publikacji pozostaje przecie\u017c zainteresowanie histori\u0105 Warszawy jak najwi\u0119kszej rzeszy czytelnik\u00f3w. Podobnie s\u0142absz\u0105 stron\u0105 wydaje mi si\u0119 j\u0119zyk opowiada\u0144 powoduj\u0105cy, \u017ce miejscami s\u0105 one nieco przegadane. Wszystkie te s\u0142absze strony nie zawa\u017cy\u0142o jednak w zasadniczy spos\u00f3b na og\u00f3lnym odbiorze ksi\u0105\u017cki.<br \/>\nReasumuj\u0105c, Piekarska stara si\u0119 dotrze\u0107 zar\u00f3wno do m\u0142odych, jak i do starszych czytelnik\u00f3w. Przez przedstawienie los\u00f3w Warszawy w zabawnej, lekkiej i przyst\u0119pnej formie wchodzi w rol\u0119 przewodnika po nieco zapomnianych jej cz\u0119\u015bciach. Czy to dobra metoda na popularyzacj\u0119 historii? W moim przekonaniu: jak najbardziej.<\/p>\n<p>Autor: Agnieszka Woch<br \/>\n16 lipca 2015<\/p>\n<p>\u0179r\u00f3d\u0142o:<a href=\"http:\/\/histmag.org\/Malgorzata-Karolina-Piekarska-Czucie-i-wiara-czyli-warszawskie-duchy-recenzja-11462\" target=\"_blank\">\u00a0http:\/\/histmag.org\/Malgorzata-Karolina-Piekarska-Czucie-i-wiara-czyli-warszawskie-duchy-recenzja-11462<\/a><\/p>\n","protected":false},"excerpt":{"rendered":"<p>Historia Warszawy kryje wiele tajemnic i zapomnianych zdarze\u0144. Ma\u0142gorzata Karolina Piekarska w swych opowiadania pt. \u201eCzucie i wiara, czyli warszawskie duchy\u201d postanowi\u0142a przypomnie\u0107 o niekt\u00f3rych z nich. Po raz kolejny <a class=\"more-link\" href=\"http:\/\/legendywarszawskie.pl\/?page_id=1957\">Continue Reading &rarr;<\/a><\/p>\n","protected":false},"author":1,"featured_media":1635,"parent":1886,"menu_order":0,"comment_status":"closed","ping_status":"closed","template":"","meta":{"footnotes":""},"class_list":["post-1957","page","type-page","status-publish","has-post-thumbnail","hentry"],"_links":{"self":[{"href":"http:\/\/legendywarszawskie.pl\/index.php?rest_route=\/wp\/v2\/pages\/1957","targetHints":{"allow":["GET"]}}],"collection":[{"href":"http:\/\/legendywarszawskie.pl\/index.php?rest_route=\/wp\/v2\/pages"}],"about":[{"href":"http:\/\/legendywarszawskie.pl\/index.php?rest_route=\/wp\/v2\/types\/page"}],"author":[{"embeddable":true,"href":"http:\/\/legendywarszawskie.pl\/index.php?rest_route=\/wp\/v2\/users\/1"}],"replies":[{"embeddable":true,"href":"http:\/\/legendywarszawskie.pl\/index.php?rest_route=%2Fwp%2Fv2%2Fcomments&post=1957"}],"version-history":[{"count":1,"href":"http:\/\/legendywarszawskie.pl\/index.php?rest_route=\/wp\/v2\/pages\/1957\/revisions"}],"predecessor-version":[{"id":1958,"href":"http:\/\/legendywarszawskie.pl\/index.php?rest_route=\/wp\/v2\/pages\/1957\/revisions\/1958"}],"up":[{"embeddable":true,"href":"http:\/\/legendywarszawskie.pl\/index.php?rest_route=\/wp\/v2\/pages\/1886"}],"wp:featuredmedia":[{"embeddable":true,"href":"http:\/\/legendywarszawskie.pl\/index.php?rest_route=\/wp\/v2\/media\/1635"}],"wp:attachment":[{"href":"http:\/\/legendywarszawskie.pl\/index.php?rest_route=%2Fwp%2Fv2%2Fmedia&parent=1957"}],"curies":[{"name":"wp","href":"https:\/\/api.w.org\/{rel}","templated":true}]}}