{"id":1907,"date":"2015-06-07T12:52:24","date_gmt":"2015-06-07T12:52:24","guid":{"rendered":"http:\/\/czucieiwiara.pl\/?page_id=1907"},"modified":"2015-06-07T12:53:18","modified_gmt":"2015-06-07T12:53:18","slug":"recenzja-na-portalu-ksiazka-zamiast-kwiatka","status":"publish","type":"page","link":"http:\/\/legendywarszawskie.pl\/?page_id=1907","title":{"rendered":"Recenzja na portalu &#8222;Ksi\u0105\u017cka zamiast kwiatka&#8221;"},"content":{"rendered":"<p><a href=\"http:\/\/czucieiwiara.pl\/wp-content\/uploads\/2015\/03\/piekarska1a-2.jpg\"><img loading=\"lazy\" decoding=\"async\" class=\"alignleft size-medium wp-image-1635\" src=\"http:\/\/czucieiwiara.pl\/wp-content\/uploads\/2015\/03\/piekarska1a-2-212x300.jpg\" alt=\"piekarska1a (2)\" width=\"212\" height=\"300\" srcset=\"http:\/\/legendywarszawskie.pl\/wp-content\/uploads\/2015\/03\/piekarska1a-2-212x300.jpg 212w, http:\/\/legendywarszawskie.pl\/wp-content\/uploads\/2015\/03\/piekarska1a-2.jpg 600w\" sizes=\"auto, (max-width: 212px) 100vw, 212px\" \/><\/a>Warszawiacy powinni t\u0119 ksi\u0105\u017ck\u0119 przeczyta\u0107 obowi\u0105zkowo, ale my\u015bl\u0119, \u017ce i pozostali zrobi\u0105 to z przyjemno\u015bci\u0105. Autorka zastosowa\u0142a bardzo oryginaln\u0105 konwencj\u0119, by przypomnie\u0107 gar\u015b\u0107 ciekawostek historycznych dotycz\u0105cych stolicy. Dwaj panowie Krosnowscy, ojciec i syn, pisarz i prawnik prowadz<span class=\"text_exposed_show\">\u0105 nietypow\u0105 agencj\u0119. Nosi nazw\u0119 &#8222;Czucie i Wiara&#8221;, a zajmuje si\u0119 rozwi\u0105zywaniem spraw, kt\u00f3rych nie da si\u0119 wyja\u015bni\u0107 w zwyk\u0142y spos\u00f3b. To po prostu historyczne biuro detektywistyczne. Tam, gdzie nie pomo\u017ce ni policja, ni psychiatra, na ratunek \u015bpiesz\u0105 panowie Krosnowscy. Bo kt\u00f3\u017c inny podj\u0105\u0142by si\u0119 wyja\u015bnienia tajemnicy z\u0142odziejskiego pecha? Zagadkowych sygna\u0142\u00f3w zak\u0142\u00f3caj\u0105cych audycje radiowe na Bemowie? Uporczywie powracaj\u0105cego do krypty-kapliczki \u015aw. Bonifacego wotywnego talara? Tajemnicy bia\u0142ego kota przy ko\u015bciele \u015aw. Katarzyny? Czy pojawiaj\u0105cego si\u0119 znik\u0105d zabytkowego tramwaju na Targ\u00f3wku, z kt\u00f3rego wysiada staromodnie ubrana kobieta? Znajdziecie w ksi\u0105\u017cce wiele fascynuj\u0105cych zagadek, prawdziwych i fikcyjnych, ale zawsze opartych na faktach historycznych i okraszonych nut\u0105 humoru. Autorka bowiem \u015bwietnie kre\u015bli portrety wsp\u00f3\u0142czesnych klient\u00f3w korzystaj\u0105cych z pomocy nietypowego biura. Gwiazdki da\u0142am za oryginalny pomys\u0142, kt\u00f3ry pozwoli\u0142 w ciekawy spos\u00f3b przybli\u017cy\u0107 czytelnikom histori\u0119 naszej stolicy. Polecam serdecznie.<\/span><\/p>\n<p><span class=\"text_exposed_show\">(M.J.Kursa)<br \/>\n27 maja 2015<\/span><\/p>\n<p>\u017br\u00f3d\u0142o: facebook<br \/>\n<a href=\"https:\/\/www.facebook.com\/KsiazkaZamiastKwiatka\" target=\"_blank\">https:\/\/www.facebook.com\/KsiazkaZamiastKwiatka<\/a><\/p>\n","protected":false},"excerpt":{"rendered":"<p>Warszawiacy powinni t\u0119 ksi\u0105\u017ck\u0119 przeczyta\u0107 obowi\u0105zkowo, ale my\u015bl\u0119, \u017ce i pozostali zrobi\u0105 to z przyjemno\u015bci\u0105. Autorka zastosowa\u0142a bardzo oryginaln\u0105 konwencj\u0119, by przypomnie\u0107 gar\u015b\u0107 ciekawostek historycznych dotycz\u0105cych stolicy. Dwaj panowie Krosnowscy, <a class=\"more-link\" href=\"http:\/\/legendywarszawskie.pl\/?page_id=1907\">Continue Reading &rarr;<\/a><\/p>\n","protected":false},"author":1,"featured_media":0,"parent":1886,"menu_order":0,"comment_status":"closed","ping_status":"closed","template":"","meta":{"footnotes":""},"class_list":["post-1907","page","type-page","status-publish","hentry"],"_links":{"self":[{"href":"http:\/\/legendywarszawskie.pl\/index.php?rest_route=\/wp\/v2\/pages\/1907","targetHints":{"allow":["GET"]}}],"collection":[{"href":"http:\/\/legendywarszawskie.pl\/index.php?rest_route=\/wp\/v2\/pages"}],"about":[{"href":"http:\/\/legendywarszawskie.pl\/index.php?rest_route=\/wp\/v2\/types\/page"}],"author":[{"embeddable":true,"href":"http:\/\/legendywarszawskie.pl\/index.php?rest_route=\/wp\/v2\/users\/1"}],"replies":[{"embeddable":true,"href":"http:\/\/legendywarszawskie.pl\/index.php?rest_route=%2Fwp%2Fv2%2Fcomments&post=1907"}],"version-history":[{"count":2,"href":"http:\/\/legendywarszawskie.pl\/index.php?rest_route=\/wp\/v2\/pages\/1907\/revisions"}],"predecessor-version":[{"id":1909,"href":"http:\/\/legendywarszawskie.pl\/index.php?rest_route=\/wp\/v2\/pages\/1907\/revisions\/1909"}],"up":[{"embeddable":true,"href":"http:\/\/legendywarszawskie.pl\/index.php?rest_route=\/wp\/v2\/pages\/1886"}],"wp:attachment":[{"href":"http:\/\/legendywarszawskie.pl\/index.php?rest_route=%2Fwp%2Fv2%2Fmedia&parent=1907"}],"curies":[{"name":"wp","href":"https:\/\/api.w.org\/{rel}","templated":true}]}}